{"id":621,"date":"2021-09-17T12:26:59","date_gmt":"2021-09-17T15:26:59","guid":{"rendered":"https:\/\/calordehogartejidos.com\/?post_type=product&#038;p=621"},"modified":"2025-10-07T10:55:02","modified_gmt":"2025-10-07T13:55:02","slug":"taller-amigurumis-avanzado-coneja-mia","status":"publish","type":"product","link":"https:\/\/calordehogartejidos.com\/index.php\/product\/taller-amigurumis-avanzado-coneja-mia\/","title":{"rendered":"Taller Amigurumis Avanzado: Coneja M\u00eda"},"content":{"rendered":"<p>Este TALLER est\u00e1 especialmente preparado para aquellas personas que <strong>ya han realizado el Taller de Amigurumis B\u00e1sico<\/strong> o que tengan los conocimientos del mismo.<\/p>\n<p>Taller mensual de 5 clases.<br \/>\nTama\u00f1o final: 38 cm de alto.<\/p>\n<p>La realizar\u00e1s con hilado <strong>chenille<\/strong> que le da esa textura tan suave a abrazable!!<\/p>\n<p>El Taller se encuentra en la <strong>plataforma web<\/strong> donde encontrar\u00e1s todo el material escrito paso a paso, videos e im\u00e1genes que te ayudar\u00e1n a poder realizarlo, y <strong>un seguimiento personalizado a trav\u00e9s de un grupo de WhatsApp<\/strong> en donde podr\u00e1s sacarte todas la dudas que vayan surgiendo&#8230;<\/p>\n<p>Las clases se ir\u00e1n habilitando una vez por semana, y <strong>acceder\u00e1s a ellas todas las veces que quieras, en el horario que m\u00e1s c\u00f3modo te resulte.<\/strong><\/p>\n<p>Realiz\u00e1 la compra, y <strong>finalizala<\/strong> completando todos tus datos.<br \/>\nTe llegar\u00e1 <strong>un mail<\/strong> que dice que hiciste la compra, y que ten\u00e9s que completar el pago.<\/p>\n<p>Una vez <strong>completado el pago<\/strong>, avisame con un mensaje de <strong>WhatsApp al 1121721970<\/strong>, y te env\u00edo el c\u00f3digo de acceso\u2026<\/p>\n<p>&nbsp;<\/p>\n","protected":false},"excerpt":{"rendered":"<p>Taller para aprender a tejer esta tierna Coneja<\/p>\n","protected":false},"featured_media":1461,"template":"","meta":[],"product_brand":[],"product_cat":[18],"product_tag":[77,79,78],"class_list":{"0":"post-621","1":"product","2":"type-product","3":"status-publish","4":"has-post-thumbnail","6":"product_cat-cursos","7":"product_tag-coneja","8":"product_tag-coneja-a-crochet","9":"product_tag-coneja-amigurumi","11":"first","12":"instock","13":"shipping-taxable","14":"purchasable","15":"product-type-simple"},"_links":{"self":[{"href":"https:\/\/calordehogartejidos.com\/index.php\/wp-json\/wp\/v2\/product\/621","targetHints":{"allow":["GET"]}}],"collection":[{"href":"https:\/\/calordehogartejidos.com\/index.php\/wp-json\/wp\/v2\/product"}],"about":[{"href":"https:\/\/calordehogartejidos.com\/index.php\/wp-json\/wp\/v2\/types\/product"}],"wp:featuredmedia":[{"embeddable":true,"href":"https:\/\/calordehogartejidos.com\/index.php\/wp-json\/wp\/v2\/media\/1461"}],"wp:attachment":[{"href":"https:\/\/calordehogartejidos.com\/index.php\/wp-json\/wp\/v2\/media?parent=621"}],"wp:term":[{"taxonomy":"product_brand","embeddable":true,"href":"https:\/\/calordehogartejidos.com\/index.php\/wp-json\/wp\/v2\/product_brand?post=621"},{"taxonomy":"product_cat","embeddable":true,"href":"https:\/\/calordehogartejidos.com\/index.php\/wp-json\/wp\/v2\/product_cat?post=621"},{"taxonomy":"product_tag","embeddable":true,"href":"https:\/\/calordehogartejidos.com\/index.php\/wp-json\/wp\/v2\/product_tag?post=621"}],"curies":[{"name":"wp","href":"https:\/\/api.w.org\/{rel}","templated":true}]}}