{"id":634,"date":"2024-12-23T06:00:25","date_gmt":"2024-12-23T09:00:25","guid":{"rendered":"https:\/\/calordehogartejidos.com\/?post_type=product&#038;p=634"},"modified":"2025-06-04T17:16:24","modified_gmt":"2025-06-04T20:16:24","slug":"bolso-playero","status":"publish","type":"product","link":"https:\/\/calordehogartejidos.com\/index.php\/product\/bolso-playero\/","title":{"rendered":"Bolso Playero a Crochet"},"content":{"rendered":"<p><strong>NIVEL:<\/strong> MEDIO A AVANZADO<br \/>\n<strong>Tama\u00f1o:<\/strong> 35 cm de ancho por 37 cm alto. Base de 11 cm x 23 cm. (Medidas aproximadas)<\/p>\n<p>Gu\u00eda de Tejido en formato PDF con <strong>11 p\u00e1ginas<\/strong> con el <strong>paso a paso, fotos, y videos tutoriales<\/strong> para ver los detalles m\u00e1s importates en el que aprender\u00e1s a crear un hermoso bolso playero, perfecto para tus vacaciones en la playa, la pileta o una escapada a las sierras.<br \/>\nEste bolso es espacioso y pr\u00e1ctico, ideal para llevar todo lo que necesit\u00e1s.<\/p>\n<p>\u00a1Prep\u00e1rate para disfrutar de un proyecto creativo que te acompa\u00f1ar\u00e1 en tus momentos de sol y relax!<\/p>\n<p>Los <strong>Videos tutoriales<\/strong> de este proyecto estar\u00e1n disponibles en el <strong>canal de youtube<\/strong> a partir de la primera semana de enero 2024 y se ir\u00e1n activando 1 video por semana para darte tiempo a tejerlo.<\/p>\n<p><strong>Para adquirir la GU\u00cdA&#8230;<\/strong><\/p>\n<p>Realiz\u00e1 la compra, y <strong>FINALIZALA<\/strong> completando todos tus <strong>datos<\/strong>.<br \/>\nTe llegar\u00e1 <strong>un mail<\/strong> que dice que hiciste la compra, y que ten\u00e9s que completar el pago.<\/p>\n<p><strong>PAGOS desde el EXTERIOR:<\/strong><\/p>\n<ul>\n<li><strong>Por PAYPAL<\/strong><\/li>\n<li><strong>Para Transferencia Bancaria desde el exterior, a\u00f1ad\u00ed al carrito, finaliz\u00e1 la compra y seleccion\u00e1 transferencia bancaria. En el pedido te aparecer\u00e1n los datos para el DEP\u00d3SITO desde el EXTERIOR.<br \/>\n<\/strong><strong>Una vez realizado el pago enviar el comprobante por mensaje de whatsapp al 1121721970<\/strong><\/li>\n<li><strong>POR WESTERN UNION pedir datos por WhatsApp al 1121721970<\/strong><\/li>\n<\/ul>\n<p>NO ES EL PRODUCTO TERMINADO<\/p>\n<p><strong>PAGO POR WESTERN UNION pedir datos por WhatsApp al 1121721970<\/strong><\/p>\n<p>&nbsp;<\/p>\n","protected":false},"excerpt":{"rendered":"<p>Tej\u00e9 este bolso y ya est\u00e1s lista para ir a la playa!!<\/p>\n","protected":false},"featured_media":2938,"template":"","meta":[],"product_brand":[],"product_cat":[32],"product_tag":[73,75,74,314,313],"class_list":{"0":"post-634","1":"product","2":"type-product","3":"status-publish","4":"has-post-thumbnail","6":"product_cat-guias-de-tejido","7":"product_tag-bolso","8":"product_tag-bolso-crochet","9":"product_tag-bolso-playero","10":"product_tag-bolsoparaverano","11":"product_tag-bolsoplayero","13":"first","14":"instock","15":"downloadable","16":"shipping-taxable","17":"purchasable","18":"product-type-simple"},"_links":{"self":[{"href":"https:\/\/calordehogartejidos.com\/index.php\/wp-json\/wp\/v2\/product\/634","targetHints":{"allow":["GET"]}}],"collection":[{"href":"https:\/\/calordehogartejidos.com\/index.php\/wp-json\/wp\/v2\/product"}],"about":[{"href":"https:\/\/calordehogartejidos.com\/index.php\/wp-json\/wp\/v2\/types\/product"}],"wp:featuredmedia":[{"embeddable":true,"href":"https:\/\/calordehogartejidos.com\/index.php\/wp-json\/wp\/v2\/media\/2938"}],"wp:attachment":[{"href":"https:\/\/calordehogartejidos.com\/index.php\/wp-json\/wp\/v2\/media?parent=634"}],"wp:term":[{"taxonomy":"product_brand","embeddable":true,"href":"https:\/\/calordehogartejidos.com\/index.php\/wp-json\/wp\/v2\/product_brand?post=634"},{"taxonomy":"product_cat","embeddable":true,"href":"https:\/\/calordehogartejidos.com\/index.php\/wp-json\/wp\/v2\/product_cat?post=634"},{"taxonomy":"product_tag","embeddable":true,"href":"https:\/\/calordehogartejidos.com\/index.php\/wp-json\/wp\/v2\/product_tag?post=634"}],"curies":[{"name":"wp","href":"https:\/\/api.w.org\/{rel}","templated":true}]}}