{"id":670,"date":"2021-10-04T15:19:57","date_gmt":"2021-10-04T18:19:57","guid":{"rendered":"https:\/\/calordehogartejidos.com\/?post_type=product&#038;p=670"},"modified":"2024-04-28T16:12:17","modified_gmt":"2024-04-28T19:12:17","slug":"tapa-ojos","status":"publish","type":"product","link":"https:\/\/calordehogartejidos.com\/index.php\/product\/tapa-ojos\/","title":{"rendered":"Tapa Ojos"},"content":{"rendered":"<p>Patr\u00f3n en formato PDF (3 p\u00e1g.)<\/p>\n<p><strong>Nivel:<\/strong> inicial<\/p>\n<p><strong>Materiales:<\/strong> hilo de algod\u00f3n 8\/6 o chenille, pod\u00e9s utilizar el color que m\u00e1s te guste. El\u00e1stico de algod\u00f3n.<\/p>\n<p><strong>Aguja:<\/strong> acorde al hilado que utilices.<\/p>\n<p>Por mucho tiempo me cost\u00f3 descansar debido a la luz que entraba en mi habitaci\u00f3n. Con este accesorio resolv\u00ed el tema definitivamente&#8230; animate y despu\u00e9s me cont\u00e1s!<\/p>\n<p>&nbsp;<\/p>\n<p>No te olvides de etiquetarme o enviarme una foto cuando lo realices.<\/p>\n<p>No reproducir ni compartir el patr\u00f3n en ning\u00fan sitio. Pero si pod\u00e9s comercializar su producci\u00f3n.<\/p>\n<p>Una vez que <strong>finalices<\/strong> la compra, recibir\u00e1s en tu <strong>mail el c\u00f3digo de acceso para la descarga<\/strong>.<\/p>\n<p>Isabel<\/p>\n","protected":false},"excerpt":{"rendered":"<p>Tej\u00e9 esta m\u00e1scara para ojos y descanz\u00e1 tranquila!<\/p>\n<p>Una vez que completes la compra, recibir\u00e1s en tu <strong>mail<\/strong> el c\u00f3digo de <strong>acceso para la descarga<\/strong>.<\/p>\n","protected":false},"featured_media":671,"template":"","meta":[],"product_brand":[],"product_cat":[19],"product_tag":[86,85,87,84,83],"class_list":{"0":"post-670","1":"product","2":"type-product","3":"status-publish","4":"has-post-thumbnail","6":"product_cat-patrones","7":"product_tag-buenas-noches","8":"product_tag-dormir-bien","9":"product_tag-gratis","10":"product_tag-mascara-para-ojos","11":"product_tag-tapa-ojos","13":"first","14":"instock","15":"downloadable","16":"shipping-taxable","17":"purchasable","18":"product-type-simple"},"_links":{"self":[{"href":"https:\/\/calordehogartejidos.com\/index.php\/wp-json\/wp\/v2\/product\/670","targetHints":{"allow":["GET"]}}],"collection":[{"href":"https:\/\/calordehogartejidos.com\/index.php\/wp-json\/wp\/v2\/product"}],"about":[{"href":"https:\/\/calordehogartejidos.com\/index.php\/wp-json\/wp\/v2\/types\/product"}],"wp:featuredmedia":[{"embeddable":true,"href":"https:\/\/calordehogartejidos.com\/index.php\/wp-json\/wp\/v2\/media\/671"}],"wp:attachment":[{"href":"https:\/\/calordehogartejidos.com\/index.php\/wp-json\/wp\/v2\/media?parent=670"}],"wp:term":[{"taxonomy":"product_brand","embeddable":true,"href":"https:\/\/calordehogartejidos.com\/index.php\/wp-json\/wp\/v2\/product_brand?post=670"},{"taxonomy":"product_cat","embeddable":true,"href":"https:\/\/calordehogartejidos.com\/index.php\/wp-json\/wp\/v2\/product_cat?post=670"},{"taxonomy":"product_tag","embeddable":true,"href":"https:\/\/calordehogartejidos.com\/index.php\/wp-json\/wp\/v2\/product_tag?post=670"}],"curies":[{"name":"wp","href":"https:\/\/api.w.org\/{rel}","templated":true}]}}