{"id":700,"date":"2021-10-19T21:41:35","date_gmt":"2021-10-20T00:41:35","guid":{"rendered":"https:\/\/calordehogartejidos.com\/?post_type=product&#038;p=700"},"modified":"2025-06-04T17:19:41","modified_gmt":"2025-06-04T20:19:41","slug":"gorro-playero-floral-guia-de-tejido","status":"publish","type":"product","link":"https:\/\/calordehogartejidos.com\/index.php\/product\/gorro-playero-floral-guia-de-tejido\/","title":{"rendered":"GORRO PLAYERO FLORAL &#8211; GU\u00cdA DE TEJIDO"},"content":{"rendered":"<p><strong>GU\u00cdA DE TEJIDO<\/strong>\u00a0 en formato <strong>PDF<\/strong>\u00a0 de 4 p\u00e1ginas, para tejer el gorro playero floral<\/p>\n<p><strong>NIVEL: medio<br \/>\n<\/strong><strong>Talle:<\/strong> adulto S\/M<br \/>\n<strong>Circunferencia de la cabeza:<\/strong> 54\/56 cm<\/p>\n<p><strong>Materiales:<br \/>\n<\/strong>250 grs hilo de algod\u00f3n 8\/6\u00a0 (2 o m\u00e1s colores)<br \/>\nAguja de crochet n\u00b0 3.5<br \/>\nAguja lanera<br \/>\nTijeras<\/p>\n<p>Vas a encontrar el paso a paso en forma de texto,\u00a0 diagramas, fotos y hasta <strong>7 video tutoriales<\/strong> en los que tendr\u00e1s todos los detalles explicados!!<\/p>\n<p>Solo queda que combines tus colores preferidos y a tejer.<\/p>\n<p>NO TE LO POD\u00c9S PERDER!!<\/p>\n<p><strong>\u00bfC\u00f3mo lo adquir\u00eds?<\/strong><\/p>\n<p>Realiz\u00e1 la compra, y <strong>FINALIZALA<\/strong> completando todos tus datos.<br \/>\nTe llegar\u00e1 <strong>un mail<\/strong> que dice que hiciste la compra, y que ten\u00e9s que completar el pago.<\/p>\n<p>Una vez que completes la compra, recibir\u00e1s en tu <strong>mail<\/strong> el c\u00f3digo de <strong>acceso para la descarga<\/strong>.<\/p>\n<p>Isabel<\/p>\n<p>El\u00a0<strong>Patr\u00f3n<\/strong> es para uso personal exclusivamente. No se permite su difusi\u00f3n, todos los derechos reservados a Calor de Hogar Tejidos.\u00a0No reproducir ni compartir el patr\u00f3n en ning\u00fan sitio. Pero si pod\u00e9s comercializar su producci\u00f3n.<\/p>\n<p>&nbsp;<\/p>\n","protected":false},"excerpt":{"rendered":"<p>En tus vacaciones&#8230; no te puede faltar este hermoso gorro playero!!<br \/>\nGu\u00eda de Tejido Completa<\/p>\n","protected":false},"featured_media":1464,"template":"","meta":[],"product_brand":[],"product_cat":[32],"product_tag":[80,81,82],"class_list":{"0":"post-700","1":"product","2":"type-product","3":"status-publish","4":"has-post-thumbnail","6":"product_cat-guias-de-tejido","7":"product_tag-gorro-a-crochet","8":"product_tag-gorro-de-verano","9":"product_tag-gorro-playero","11":"first","12":"instock","13":"downloadable","14":"shipping-taxable","15":"purchasable","16":"product-type-simple"},"_links":{"self":[{"href":"https:\/\/calordehogartejidos.com\/index.php\/wp-json\/wp\/v2\/product\/700","targetHints":{"allow":["GET"]}}],"collection":[{"href":"https:\/\/calordehogartejidos.com\/index.php\/wp-json\/wp\/v2\/product"}],"about":[{"href":"https:\/\/calordehogartejidos.com\/index.php\/wp-json\/wp\/v2\/types\/product"}],"wp:featuredmedia":[{"embeddable":true,"href":"https:\/\/calordehogartejidos.com\/index.php\/wp-json\/wp\/v2\/media\/1464"}],"wp:attachment":[{"href":"https:\/\/calordehogartejidos.com\/index.php\/wp-json\/wp\/v2\/media?parent=700"}],"wp:term":[{"taxonomy":"product_brand","embeddable":true,"href":"https:\/\/calordehogartejidos.com\/index.php\/wp-json\/wp\/v2\/product_brand?post=700"},{"taxonomy":"product_cat","embeddable":true,"href":"https:\/\/calordehogartejidos.com\/index.php\/wp-json\/wp\/v2\/product_cat?post=700"},{"taxonomy":"product_tag","embeddable":true,"href":"https:\/\/calordehogartejidos.com\/index.php\/wp-json\/wp\/v2\/product_tag?post=700"}],"curies":[{"name":"wp","href":"https:\/\/api.w.org\/{rel}","templated":true}]}}