{"id":719,"date":"2023-11-06T14:05:05","date_gmt":"2023-11-06T17:05:05","guid":{"rendered":"https:\/\/calordehogartejidos.com\/?post_type=product&#038;p=719"},"modified":"2025-10-07T11:19:18","modified_gmt":"2025-10-07T14:19:18","slug":"taller-copos-navidenos","status":"publish","type":"product","link":"https:\/\/calordehogartejidos.com\/index.php\/product\/taller-copos-navidenos\/","title":{"rendered":"Taller Copos Navide\u00f1os"},"content":{"rendered":"<p>En este <strong>TALLER<\/strong>\u00a0 vas a aprender a tejer <strong>Copos navide\u00f1os a crochet<\/strong> para hacer el detalle que vos m\u00e1s te guste para est\u00e1s fiestas. Te dejo algunas fotos con opciones para que puedas elegir la decoraci\u00f3n que m\u00e1s te guste.<\/p>\n<p>Ser\u00e1n 4 clases semanales: <strong>2 COPOS por clase<\/strong><\/p>\n<p><strong>Paso a paso<\/strong> en texto, videos y diagramas para aprender a leerlos!!<br \/>\n<strong>Pdf para descargar<\/strong> de los diagramas.<\/p>\n<p>T\u00e9cnica de <strong>BOQUEO<\/strong> para que queden bien armados, y mi tutor\u00eda constante para que puedas hacer la deco m\u00e1s hermosa!<\/p>\n<h4><strong>Materiales:<\/strong><\/h4>\n<ol>\n<li>200grs. Hilo de algod\u00f3n 8\/3 o 8\/6 del color que vos quieras.<br \/>\nTambi\u00e9n pod\u00e9s utilizar alg\u00fan hilo con lurex para que brillen m\u00e1s.<\/li>\n<li>Aguja de crochet 2.5 mm o 3 mm (seg\u00fan el hilo que escojas)<\/li>\n<li>Cola escolar, alfileres. Un recipiente no demasiado grande (para preparar el l\u00edquido bloqueante).<\/li>\n<li>Gibr\u00e9 y silicona l\u00edquida (opcional)<\/li>\n<li>Una placa de telgopol o goma eva de aproximadamente 50&#215;50 cm.<\/li>\n<\/ol>\n<p>Y muchas ganas de divertirte aprendiendo&#8230;!!!<\/p>\n<h4><strong>\u00bfC\u00f3mo lo adquir\u00eds?<\/strong><\/h4>\n<p>Realiz\u00e1 la compra, y\u00a0<strong>FINALIZALA<\/strong>\u00a0completando todos tus datos.<br \/>\nTe llegar\u00e1\u00a0<strong>un mail<\/strong>\u00a0que dice que hiciste la compra, y que ten\u00e9s que completar el pago.<\/p>\n<p>Una vez\u00a0<strong>completado el pago<\/strong>, avisame con un mensaje de\u00a0<strong>WhatsApp al 1121721970<\/strong>, y te env\u00edo el c\u00f3digo de acceso\u2026<\/p>\n<p><strong>Precio en D\u00d3LARES: U$S 8.- x mes<\/strong><\/p>\n","protected":false},"excerpt":{"rendered":"<p>Copos navide\u00f1os para hacer el detalle que vos prefieras en estas fiestas!!<\/p>\n","protected":false},"featured_media":720,"template":"","meta":[],"product_brand":[],"product_cat":[18],"product_tag":[89,90,92,91,93],"class_list":{"0":"post-719","1":"product","2":"type-product","3":"status-publish","4":"has-post-thumbnail","6":"product_cat-cursos","7":"product_tag-coposdecrochet","8":"product_tag-coposnavidenos","9":"product_tag-decoconcopos","10":"product_tag-deconavidena","11":"product_tag-navidad","13":"first","14":"instock","15":"shipping-taxable","16":"purchasable","17":"product-type-simple"},"_links":{"self":[{"href":"https:\/\/calordehogartejidos.com\/index.php\/wp-json\/wp\/v2\/product\/719","targetHints":{"allow":["GET"]}}],"collection":[{"href":"https:\/\/calordehogartejidos.com\/index.php\/wp-json\/wp\/v2\/product"}],"about":[{"href":"https:\/\/calordehogartejidos.com\/index.php\/wp-json\/wp\/v2\/types\/product"}],"wp:featuredmedia":[{"embeddable":true,"href":"https:\/\/calordehogartejidos.com\/index.php\/wp-json\/wp\/v2\/media\/720"}],"wp:attachment":[{"href":"https:\/\/calordehogartejidos.com\/index.php\/wp-json\/wp\/v2\/media?parent=719"}],"wp:term":[{"taxonomy":"product_brand","embeddable":true,"href":"https:\/\/calordehogartejidos.com\/index.php\/wp-json\/wp\/v2\/product_brand?post=719"},{"taxonomy":"product_cat","embeddable":true,"href":"https:\/\/calordehogartejidos.com\/index.php\/wp-json\/wp\/v2\/product_cat?post=719"},{"taxonomy":"product_tag","embeddable":true,"href":"https:\/\/calordehogartejidos.com\/index.php\/wp-json\/wp\/v2\/product_tag?post=719"}],"curies":[{"name":"wp","href":"https:\/\/api.w.org\/{rel}","templated":true}]}}