{"id":725,"date":"2023-11-06T13:54:23","date_gmt":"2023-11-06T16:54:23","guid":{"rendered":"https:\/\/calordehogartejidos.com\/?post_type=product&#038;p=725"},"modified":"2025-10-07T10:58:02","modified_gmt":"2025-10-07T13:58:02","slug":"taller-amigurumi-avanzado-papa-noel-abrazacortinas","status":"publish","type":"product","link":"https:\/\/calordehogartejidos.com\/index.php\/product\/taller-amigurumi-avanzado-papa-noel-abrazacortinas\/","title":{"rendered":"Taller Amigurumi Avanzado: Papa Noel Abrazacortinas"},"content":{"rendered":"<p>Este <strong>TALLER<\/strong> est\u00e1 especialmente preparado para aquellas personas que <strong>ya han realizado el Taller de Amigurumis B\u00e1sico<\/strong> o que tengan los conocimientos del mismo.<\/p>\n<p>Taller mensual de 4 clases.<br \/>\nTama\u00f1o final:\u00a0 depender\u00e1 del hilado que elijas.<\/p>\n<p>El Taller se encuentra en la <strong>plataforma web<\/strong> <em>https:\/\/www.calordehogartejidos.com<\/em> donde encontrar\u00e1s todo el material escrito paso a paso, videos e im\u00e1genes que te ayudar\u00e1n a poder realizarlo, y un seguimiento personalizado a trav\u00e9s de un grupo de WhatsApp en donde podr\u00e1s sacarte todas la dudas que vayan surgiendo\u2026<\/p>\n<p>Las clases se ir\u00e1n habilitando una vez por semana, y acceder\u00e1s a ellas todas las veces que quieras, en el horario que m\u00e1s c\u00f3modo te resulte.<\/p>\n<h4><strong>Materiales:<\/strong><\/h4>\n<ol>\n<li>100grs. de cada hilo de algod\u00f3n 8\/6 de color: rojo, blanco, negro y el color que quieras o consigas para la piel (durazno claro, beige claro, crudo, cremita)<br \/>\nTambi\u00e9n pod\u00e9s utilizar lana de cashmilon 2\/7 (media)<\/li>\n<li>Aguja de crochet 3 mm o 4 mm respectivamente<\/li>\n<li>Ojos de seguridad n\u00b0 8 para el hilo, o n\u00b0 10 para la lana.<\/li>\n<li>Cepillo fino de metal para mascotas (para cardar la barba)<\/li>\n<li>300grs. Vell\u00f3n siliconado<\/li>\n<\/ol>\n<h4><strong>\u00bfC\u00f3mo lo adquir\u00eds?<\/strong><\/h4>\n<p>Realiz\u00e1 la compra, y\u00a0<strong>FINALIZALA<\/strong>\u00a0completando todos tus datos.<br \/>\nTe llegar\u00e1\u00a0<strong>un mail<\/strong>\u00a0que dice que hiciste la compra, y que ten\u00e9s que completar el pago.<\/p>\n<p>Una vez\u00a0<strong>completado el pago<\/strong>, avisame con un mensaje de\u00a0<strong>WhatsApp al 1121721970<\/strong>, y te env\u00edo el c\u00f3digo de acceso\u2026<\/p>\n<p><strong>Precio en D\u00d3LARES: U$S 8.- x mes<\/strong><\/p>\n","protected":false},"excerpt":{"rendered":"<p>Perfecto y tierno detalle navide\u00f1o para decorar tus cortinas!<\/p>\n","protected":false},"featured_media":1536,"template":"","meta":[],"product_brand":[],"product_cat":[18],"product_tag":[98,97,95,93,94,96],"class_list":{"0":"post-725","1":"product","2":"type-product","3":"status-publish","4":"has-post-thumbnail","6":"product_cat-cursos","7":"product_tag-abrazacortinas","8":"product_tag-abrazacortinaspapanoel","9":"product_tag-amigurumiavanzado","10":"product_tag-navidad","11":"product_tag-papanoel","12":"product_tag-papanoelamigurumi","14":"first","15":"instock","16":"shipping-taxable","17":"purchasable","18":"product-type-simple"},"_links":{"self":[{"href":"https:\/\/calordehogartejidos.com\/index.php\/wp-json\/wp\/v2\/product\/725","targetHints":{"allow":["GET"]}}],"collection":[{"href":"https:\/\/calordehogartejidos.com\/index.php\/wp-json\/wp\/v2\/product"}],"about":[{"href":"https:\/\/calordehogartejidos.com\/index.php\/wp-json\/wp\/v2\/types\/product"}],"wp:featuredmedia":[{"embeddable":true,"href":"https:\/\/calordehogartejidos.com\/index.php\/wp-json\/wp\/v2\/media\/1536"}],"wp:attachment":[{"href":"https:\/\/calordehogartejidos.com\/index.php\/wp-json\/wp\/v2\/media?parent=725"}],"wp:term":[{"taxonomy":"product_brand","embeddable":true,"href":"https:\/\/calordehogartejidos.com\/index.php\/wp-json\/wp\/v2\/product_brand?post=725"},{"taxonomy":"product_cat","embeddable":true,"href":"https:\/\/calordehogartejidos.com\/index.php\/wp-json\/wp\/v2\/product_cat?post=725"},{"taxonomy":"product_tag","embeddable":true,"href":"https:\/\/calordehogartejidos.com\/index.php\/wp-json\/wp\/v2\/product_tag?post=725"}],"curies":[{"name":"wp","href":"https:\/\/api.w.org\/{rel}","templated":true}]}}