{"id":736,"date":"2021-10-31T21:17:24","date_gmt":"2021-11-01T00:17:24","guid":{"rendered":"https:\/\/calordehogartejidos.com\/?post_type=product&#038;p=736"},"modified":"2025-06-04T17:28:50","modified_gmt":"2025-06-04T20:28:50","slug":"patron-gorro-veraniego-calor-de-hogar-tejidos","status":"publish","type":"product","link":"https:\/\/calordehogartejidos.com\/index.php\/product\/patron-gorro-veraniego-calor-de-hogar-tejidos\/","title":{"rendered":"Patr\u00f3n Gorro Veraniego Calor de Hogar Tejidos"},"content":{"rendered":"<p><strong>Patr\u00f3n descargable en Pdf\u00a0<\/strong><\/p>\n<p><strong>Talle:<\/strong> adulto<br \/>\n<strong>Circunferencia de la cabeza:<\/strong> 54\/56 cm<\/p>\n<p><strong>Nivel: Tejido simple, ideal para aquellos que tiene conocimientos b\u00e1sicos de crochet.<br \/>\n<\/strong><strong>Hilado:<\/strong> el utilizado es hilo de algod\u00f3n 8\/6<span class=\"fontstyle0\">. L<\/span>a cantidad necesaria y el n\u00famero de aguja est\u00e1n informados en el Patr\u00f3n.<\/p>\n<p>Vas a encontrar el paso a paso simple en formato de texto.<\/p>\n<p>Solo queda que combines tus colores preferidos y en muy poco tiempo podr\u00e1s presumir tu gorro.<\/p>\n<p>Una vez <strong>acreditado el pago<\/strong>, recibir\u00e1s por <strong>mail<\/strong> de manera autom\u00e1tica el <strong>Archivo PDF del Patr\u00f3n<\/strong>. Por eso es importante que ingreses tu correo electr\u00f3nico bien escrito! Rev\u00edsalo dos veces por las dudas <img decoding=\"async\" class=\"emoji\" role=\"img\" draggable=\"false\" src=\"https:\/\/s.w.org\/images\/core\/emoji\/13.1.0\/svg\/1f609.svg\" alt=\"\ud83d\ude09\" \/><\/p>\n<p>El\u00a0<strong>Patr\u00f3n<\/strong> es para uso personal exclusivamente. No se permite su difusi\u00f3n, todos los derechos reservados a Calor de Hogar Tejidos.<\/p>\n<p><strong>NO INCLUYE VIDEOS NI TUTORIAS.<\/strong><\/p>\n<p><strong>NO SE VENDEN PRENDAS TEJIDAS, S\u00d3LO PATRONES DE TEJIDO<\/strong><\/p>\n<p><strong>\u00bfC\u00f3mo lo adquir\u00eds?<\/strong><\/p>\n<p>Realiz\u00e1 la compra, y <strong>FINALIZALA<\/strong> completando todos tus datos.<br \/>\nTe llegar\u00e1 un mail que dice que hiciste la compra, y que ten\u00e9s que completar el pago.<\/p>\n<p>Una vez que completes la compra, <strong>recibir\u00e1s en tu mail el c\u00f3digo<\/strong> de acceso para la descarga.<\/p>\n<p>Isabel<\/p>\n<p>El\u00a0Patr\u00f3n es para uso personal exclusivamente. No se permite su difusi\u00f3n, todos los derechos reservados a Calor de Hogar Tejidos.\u00a0No reproducir ni compartir el patr\u00f3n en ning\u00fan sitio. Pero si pod\u00e9s comercializar su producci\u00f3n.<\/p>\n","protected":false},"excerpt":{"rendered":"<p>Simple pero hermoso gorro que podr\u00e1s realizar muy f\u00e1cilmente!!<\/p>\n","protected":false},"featured_media":1485,"template":"","meta":[],"product_brand":[],"product_cat":[19],"product_tag":[101,100,99],"class_list":{"0":"post-736","1":"product","2":"type-product","3":"status-publish","4":"has-post-thumbnail","6":"product_cat-patrones","7":"product_tag-gorroacrochet","8":"product_tag-gorrodeverano","9":"product_tag-gorroveraniego","11":"first","12":"instock","13":"downloadable","14":"shipping-taxable","15":"purchasable","16":"product-type-simple"},"_links":{"self":[{"href":"https:\/\/calordehogartejidos.com\/index.php\/wp-json\/wp\/v2\/product\/736","targetHints":{"allow":["GET"]}}],"collection":[{"href":"https:\/\/calordehogartejidos.com\/index.php\/wp-json\/wp\/v2\/product"}],"about":[{"href":"https:\/\/calordehogartejidos.com\/index.php\/wp-json\/wp\/v2\/types\/product"}],"wp:featuredmedia":[{"embeddable":true,"href":"https:\/\/calordehogartejidos.com\/index.php\/wp-json\/wp\/v2\/media\/1485"}],"wp:attachment":[{"href":"https:\/\/calordehogartejidos.com\/index.php\/wp-json\/wp\/v2\/media?parent=736"}],"wp:term":[{"taxonomy":"product_brand","embeddable":true,"href":"https:\/\/calordehogartejidos.com\/index.php\/wp-json\/wp\/v2\/product_brand?post=736"},{"taxonomy":"product_cat","embeddable":true,"href":"https:\/\/calordehogartejidos.com\/index.php\/wp-json\/wp\/v2\/product_cat?post=736"},{"taxonomy":"product_tag","embeddable":true,"href":"https:\/\/calordehogartejidos.com\/index.php\/wp-json\/wp\/v2\/product_tag?post=736"}],"curies":[{"name":"wp","href":"https:\/\/api.w.org\/{rel}","templated":true}]}}