{"id":974,"date":"2022-04-04T13:58:18","date_gmt":"2022-04-04T16:58:18","guid":{"rendered":"https:\/\/calordehogartejidos.com\/?post_type=product&#038;p=974"},"modified":"2025-06-04T17:16:07","modified_gmt":"2025-06-04T20:16:07","slug":"camino-de-mesa","status":"publish","type":"product","link":"https:\/\/calordehogartejidos.com\/index.php\/product\/camino-de-mesa\/","title":{"rendered":"CAMINO DE MESA"},"content":{"rendered":"<p><strong>Gu\u00eda de tejido<\/strong> en formato <strong>PDF<\/strong>,\u00a0 para hacer una Cenefa, Puntilla o Borde para darle una hermosa terminaci\u00f3n a cualquier camino, mantelito, toalla, o este camino de mesa realizado con tela de arpillera o yute.<\/p>\n<p>Nivel:\u00a0 B\u00e1sico<\/p>\n<p>En sus 7 p\u00e1ginas incluye, paso a paso,\u00a0 im\u00e1genes explicativas, diagramas y videos, los que te ayudar\u00e1n a realizarlo sin ninguna dificultad.<\/p>\n<p>Espero que lo disfrutes y que cuando lo hayas realizado me muestres una linda foto.<br \/>\nDebajo de la imagen del producto podr\u00e1s ver algunas fotos de alumnas que ya lo hicieron.<\/p>\n<blockquote><p><strong>No reproducir ni compartir el patr\u00f3n en ning\u00fan sitio. Pero si pod\u00e9s comercializar su producci\u00f3n.<\/strong><\/p><\/blockquote>\n<p>El <strong>COSTO<\/strong> es de <strong>1<\/strong> <strong>CAFECITO <\/strong>como apoyo y colaboraci\u00f3n a mi trabajo.<\/p>\n<p>Una vez que <strong>completes la compra<\/strong>, recibir\u00e1s en tu <strong>mail<\/strong> el c\u00f3digo de <strong>acceso para la descarga<\/strong>.<\/p>\n<p><strong>PAGO POR WESTERN UNION pedir datos por WhatsApp al 1121721970<\/strong><\/p>\n<p>Isabel<\/p>\n","protected":false},"excerpt":{"rendered":"<p>No te pierdas de hacer este precioso camino!!<\/p>\n<p>Una vez que <strong>completes<\/strong> la compra, recibir\u00e1s en tu <strong>mail<\/strong> el c\u00f3digo de acceso para la <strong>descarga<\/strong>.<\/p>\n","protected":false},"featured_media":2525,"template":"","meta":[],"product_brand":[],"product_cat":[32],"product_tag":[247,248,249],"class_list":{"0":"post-974","1":"product","2":"type-product","3":"status-publish","4":"has-post-thumbnail","6":"product_cat-guias-de-tejido","7":"product_tag-caminodemesa","8":"product_tag-cenefacrochet","9":"product_tag-deocrochet","11":"first","12":"instock","13":"downloadable","14":"shipping-taxable","15":"purchasable","16":"product-type-simple"},"_links":{"self":[{"href":"https:\/\/calordehogartejidos.com\/index.php\/wp-json\/wp\/v2\/product\/974","targetHints":{"allow":["GET"]}}],"collection":[{"href":"https:\/\/calordehogartejidos.com\/index.php\/wp-json\/wp\/v2\/product"}],"about":[{"href":"https:\/\/calordehogartejidos.com\/index.php\/wp-json\/wp\/v2\/types\/product"}],"wp:featuredmedia":[{"embeddable":true,"href":"https:\/\/calordehogartejidos.com\/index.php\/wp-json\/wp\/v2\/media\/2525"}],"wp:attachment":[{"href":"https:\/\/calordehogartejidos.com\/index.php\/wp-json\/wp\/v2\/media?parent=974"}],"wp:term":[{"taxonomy":"product_brand","embeddable":true,"href":"https:\/\/calordehogartejidos.com\/index.php\/wp-json\/wp\/v2\/product_brand?post=974"},{"taxonomy":"product_cat","embeddable":true,"href":"https:\/\/calordehogartejidos.com\/index.php\/wp-json\/wp\/v2\/product_cat?post=974"},{"taxonomy":"product_tag","embeddable":true,"href":"https:\/\/calordehogartejidos.com\/index.php\/wp-json\/wp\/v2\/product_tag?post=974"}],"curies":[{"name":"wp","href":"https:\/\/api.w.org\/{rel}","templated":true}]}}