{"id":998,"date":"2022-04-04T15:55:01","date_gmt":"2022-04-04T18:55:01","guid":{"rendered":"https:\/\/calordehogartejidos.com\/?post_type=product&#038;p=998"},"modified":"2025-06-04T17:19:21","modified_gmt":"2025-06-04T20:19:21","slug":"remera-flor-de-marzo-guia-de-tejido","status":"publish","type":"product","link":"https:\/\/calordehogartejidos.com\/index.php\/product\/remera-flor-de-marzo-guia-de-tejido\/","title":{"rendered":"Remera Flor de Marzo &#8211; Gu\u00eda de Tejido"},"content":{"rendered":"<p><strong>Gu\u00eda de tejido<\/strong> en formato <strong>PDF,<\/strong> de 28 p\u00e1ginas en donde vas a poder encontrar un paso a paso <strong>complet\u00edsimo<\/strong> para realizar esta delicada remera. Paso a paso en forma de texto,\u00a0 diagramas, fotos y varios<strong>\u00a0video tutoriales<\/strong> en los que tendr\u00e1s todos los detalles explicados!!<\/p>\n<p><strong>Nivel:<\/strong> intermedio a avanzado<br \/>\n<strong>Talle: <\/strong>podr\u00e1s hacelo a tu medida.<\/p>\n<p>Aprender\u00e1s a hacer el granny con una flor, unir grannys y varios puntos fantas\u00eda de crochet.<\/p>\n<p>Animate, ver\u00e1s que paso a paso lo conseguir\u00e1s!!<\/p>\n<h4><strong>\u00bfC\u00f3mo lo adquir\u00eds?<\/strong><\/h4>\n<p>Realiz\u00e1 la compra, y <strong>FINALIZALA<\/strong> completando todos tus datos.<br \/>\nTe llegar\u00e1 <strong>un mail<\/strong> que dice que hiciste la compra, y que ten\u00e9s que completar el pago.<\/p>\n<p>Una vez que completes la compra, recibir\u00e1s en tu <strong>mail<\/strong> el c\u00f3digo de <strong>acceso para la descarga<\/strong>.<\/p>\n<p>Isabel<\/p>\n<p>El\u00a0<strong>Patr\u00f3n<\/strong> es para uso personal exclusivamente. No se permite su difusi\u00f3n, todos los derechos reservados a Calor de Hogar Tejidos. No reproducir ni compartir el patr\u00f3n en ning\u00fan sitio. Pero si pod\u00e9s comercializar su producci\u00f3n.<\/p>\n","protected":false},"excerpt":{"rendered":"<p>No van a dejar de alagarte cuando la uses!!!<\/p>\n","protected":false},"featured_media":999,"template":"","meta":[],"product_brand":[],"product_cat":[32],"product_tag":[],"class_list":{"0":"post-998","1":"product","2":"type-product","3":"status-publish","4":"has-post-thumbnail","6":"product_cat-guias-de-tejido","8":"first","9":"instock","10":"downloadable","11":"shipping-taxable","12":"purchasable","13":"product-type-simple"},"_links":{"self":[{"href":"https:\/\/calordehogartejidos.com\/index.php\/wp-json\/wp\/v2\/product\/998","targetHints":{"allow":["GET"]}}],"collection":[{"href":"https:\/\/calordehogartejidos.com\/index.php\/wp-json\/wp\/v2\/product"}],"about":[{"href":"https:\/\/calordehogartejidos.com\/index.php\/wp-json\/wp\/v2\/types\/product"}],"wp:featuredmedia":[{"embeddable":true,"href":"https:\/\/calordehogartejidos.com\/index.php\/wp-json\/wp\/v2\/media\/999"}],"wp:attachment":[{"href":"https:\/\/calordehogartejidos.com\/index.php\/wp-json\/wp\/v2\/media?parent=998"}],"wp:term":[{"taxonomy":"product_brand","embeddable":true,"href":"https:\/\/calordehogartejidos.com\/index.php\/wp-json\/wp\/v2\/product_brand?post=998"},{"taxonomy":"product_cat","embeddable":true,"href":"https:\/\/calordehogartejidos.com\/index.php\/wp-json\/wp\/v2\/product_cat?post=998"},{"taxonomy":"product_tag","embeddable":true,"href":"https:\/\/calordehogartejidos.com\/index.php\/wp-json\/wp\/v2\/product_tag?post=998"}],"curies":[{"name":"wp","href":"https:\/\/api.w.org\/{rel}","templated":true}]}}